{"id":1578,"date":"2017-11-12T20:20:53","date_gmt":"2017-11-12T19:20:53","guid":{"rendered":"https:\/\/www.torrecamigliati.com\/?page_id=1578"},"modified":"2026-03-02T16:59:23","modified_gmt":"2026-03-02T15:59:23","slug":"nei-dintorni-di-old-calabria-torre-camigliati","status":"publish","type":"page","link":"https:\/\/www.torrecamigliati.com\/en\/nei-dintorni-di-old-calabria-torre-camigliati\/","title":{"rendered":"IN THE SURROUNDINGS"},"content":{"rendered":"<div data-elementor-type=\"wp-page\" data-elementor-id=\"1578\" class=\"elementor elementor-1578\" data-elementor-post-type=\"page\">\n\t\t\t\t<div class=\"elementor-element elementor-element-c8164d7 e-con-full e-flex e-con e-parent\" data-id=\"c8164d7\" data-element_type=\"container\" data-e-type=\"container\" data-settings=\"{&quot;background_background&quot;:&quot;classic&quot;}\">\n\t\t\t\t<div class=\"elementor-element elementor-element-edcb0e0 elementor-widget elementor-widget-heading\" data-id=\"edcb0e0\" data-element_type=\"widget\" data-e-type=\"widget\" data-widget_type=\"heading.default\">\n\t\t\t\t\t<h2 class=\"elementor-heading-title elementor-size-default\">In the surroundings of Torre Camigliati<\/h2>\t\t\t\t<\/div>\n\t\t\t\t<div class=\"elementor-element elementor-element-133df1f elementor-widget elementor-widget-heading\" data-id=\"133df1f\" data-element_type=\"widget\" data-e-type=\"widget\" data-widget_type=\"heading.default\">\n\t\t\t\t\t<h6 class=\"elementor-heading-title elementor-size-default\">Discovering the Sila: excursions and guided tours tailored to your needs<\/h6>\t\t\t\t<\/div>\n\t\t\t\t<div class=\"elementor-element elementor-element-bf9774c elementor-widget elementor-widget-text-editor\" data-id=\"bf9774c\" data-element_type=\"widget\" data-e-type=\"widget\" data-widget_type=\"text-editor.default\">\n\t\t\t\t\t\t\t\t\t<p><b>Torre Camigliati<\/b><span style=\"font-weight: 400;\">\u00a0is the ideal starting point for exploring the pristine beauty of the\u00a0<\/span><b>Sila<\/b><span style=\"font-weight: 400;\">an ancient region rich in charm and culture.<\/span><\/p><p><b>Gli ospiti che soggiornano a Torre Camigliati potranno usufruire dei nuovi percorsi all\u2019interno della propriet\u00e0 senza limiti e senza costi aggiuntivi.<\/b><\/p><p><span style=\"font-weight: 400;\">Per gli amanti del turismo lento,\u00a0Old Calabria Torre Camigliati offre la possibilit\u00e0 di scoprire luoghi incontaminati e localit\u00e0 pittoresche alla scoperta di tradizioni antiche e sapori autentici. La Calabria \u00e8 una terra ricca di cultura e storia, con un\u2019enogastronomia di eccellenza che vi sorprender\u00e0 e delizier\u00e0.<\/span><\/p><p><span style=\"font-weight: 400;\">We invite you to visit our other website <\/span><a href=\"http:\/\/www.oldcalabria.org\"><span style=\"font-weight: 400;\">www.oldcalabria.org<\/span><\/a><span style=\"font-weight: 400;\"> for suggestions on cultural itineraries, visits, and services available in various locations.\u00a0<\/span><\/p><p><span style=\"font-weight: 400;\">We can also organize, upon reservation and for a fee:<\/span><\/p><ul><li style=\"font-weight: 400;\" aria-level=\"1\"><span style=\"font-weight: 400;\">Attivit\u00e0 sportive\u00a0come trekking, mountain bike, equitazione, pesca sportiva, ciaspolate, sci escursionismo<\/span><\/li><\/ul><ul><li style=\"font-weight: 400;\" aria-level=\"1\"><span style=\"font-weight: 400;\">Degustazioni in loco e presso aziende agricole\u00a0locali, dove potrete assaggiare i prodotti tipici della Sila, come formaggi, salumi, miele e vini.<\/span><\/li><\/ul><p><b><br \/>Whatever your interests, we're sure we can find the perfect excursion or guided tour for you. Don't hesitate to ask for details; we're here to help you discover our beloved Sila.<\/b><\/p>\t\t\t\t\t\t\t\t<\/div>\n\t\t\t\t<\/div>\n\t\t\t\t<\/div>","protected":false},"excerpt":{"rendered":"<p>Nei dintorni di Torre Camigliati Alla scoperta della Sila: escursioni e visite guidate secondo le vostre esigenze Torre Camigliati\u00a0\u00e8 il punto di partenza ideale per esplorare la bellezza incontaminata della\u00a0Sila, un territorio antico, ricco di fascino e di cultura. Gli ospiti che soggiornano a Torre Camigliati potranno usufruire dei nuovi percorsi all\u2019interno della propriet\u00e0 senza [&hellip;]<\/p>\n","protected":false},"author":5,"featured_media":2184,"parent":0,"menu_order":0,"comment_status":"closed","ping_status":"closed","template":"","meta":{"_monsterinsights_skip_tracking":false,"_monsterinsights_sitenote_active":false,"_monsterinsights_sitenote_note":"","_monsterinsights_sitenote_category":0,"footnotes":""},"class_list":["post-1578","page","type-page","status-publish","has-post-thumbnail","hentry"],"jetpack_sharing_enabled":true,"jetpack_shortlink":"https:\/\/wp.me\/P9oCwO-ps","jetpack_likes_enabled":true,"jetpack-related-posts":[{"id":7423,"url":"https:\/\/www.torrecamigliati.com\/en\/test-2\/","url_meta":{"origin":1578,"position":0},"title":"TEST 2","author":"Fondazione Napoli99","date":"29 October 2025","format":false,"excerpt":"PRENOTA ORA Benvenuto a Torre Camigliati Lorem ipsum dolor sit amet, consectetur adipiscing elit. Ut elit tellus, luctus nec ullamcorper mattis, pulvinar dapibus leo. Esperienze autentiche nella natura della Calabria Cosa ti aspetta? Boschi secolari, paesaggi incontaminati e l\u2019anima pi\u00f9 autentica della Sila.Nel cuore dell\u2019altopiano silano, Torre Camigliati ti accoglie\u2026","rel":"","context":"Similar post","block_context":{"text":"Similar post","link":""},"img":{"alt_text":"","src":"https:\/\/i0.wp.com\/www.torrecamigliati.com\/wp-content\/uploads\/2025\/10\/Logo-Old-Calabria-Torre-Camigliati-Principale.png?resize=350%2C200&ssl=1","width":350,"height":200},"classes":[]},{"id":2901,"url":"https:\/\/www.torrecamigliati.com\/en\/torre-camigliati-bb-a-camigliatello-silano\/","url_meta":{"origin":1578,"position":1},"title":"TORRE CAMIGLIATI | OSPITALITA&#8217; E NATURA","author":"Fondazione Napoli99","date":"9 July 2019","format":false,"excerpt":"COME ARRIVARE A OLD CALABRIA TORRE CAMIGLIATI in auto: da Cosenza si imbocca la superstrada Silana - Crotonese (n. 107) in direzione di Crotone, seguendo l\u00b4indicazioni per La Sila. Il primo paese che si incontra provenendo da Cosenza \u00e8 Celico, dove si vuole sia nato Gioacchino da Fiore. Dopo aver\u2026","rel":"","context":"Similar post","block_context":{"text":"Similar post","link":""},"img":{"alt_text":"","src":"https:\/\/i0.wp.com\/www.torrecamigliati.com\/wp-content\/uploads\/2020\/02\/IMG_20180817_1308233.jpg?fit=1200%2C800&ssl=1&resize=350%2C200","width":350,"height":200,"srcset":"https:\/\/i0.wp.com\/www.torrecamigliati.com\/wp-content\/uploads\/2020\/02\/IMG_20180817_1308233.jpg?fit=1200%2C800&ssl=1&resize=350%2C200 1x, https:\/\/i0.wp.com\/www.torrecamigliati.com\/wp-content\/uploads\/2020\/02\/IMG_20180817_1308233.jpg?fit=1200%2C800&ssl=1&resize=525%2C300 1.5x, https:\/\/i0.wp.com\/www.torrecamigliati.com\/wp-content\/uploads\/2020\/02\/IMG_20180817_1308233.jpg?fit=1200%2C800&ssl=1&resize=700%2C400 2x, https:\/\/i0.wp.com\/www.torrecamigliati.com\/wp-content\/uploads\/2020\/02\/IMG_20180817_1308233.jpg?fit=1200%2C800&ssl=1&resize=1050%2C600 3x"},"classes":[]},{"id":7376,"url":"https:\/\/www.torrecamigliati.com\/en\/","url_meta":{"origin":1578,"position":2},"title":"Torre Camigliati","author":"Fondazione Napoli99","date":"16 October 2025","format":false,"excerpt":"Torre Camigliati\"Un ritorno alle origini, nel cuore della Sila\"Scopri di pi\u00f9Dove la storia incontra il silenzioUna residenza immersa nel verde, tra natura, memoria e ospitalit\u00e0 autentica.Clicca qui Vivere il territorio Esperienze autentiche nella natura della Calabria Immersa nella quiete millenaria dei boschi della Sila, Torre Camigliati accoglie i suoi ospiti\u2026","rel":"","context":"Similar post","block_context":{"text":"Similar post","link":""},"img":{"alt_text":"","src":"https:\/\/i0.wp.com\/www.torrecamigliati.com\/wp-content\/uploads\/2025\/12\/image-2.webp?resize=350%2C200&ssl=1","width":350,"height":200,"srcset":"https:\/\/i0.wp.com\/www.torrecamigliati.com\/wp-content\/uploads\/2025\/12\/image-2.webp?resize=350%2C200&ssl=1 1x, https:\/\/i0.wp.com\/www.torrecamigliati.com\/wp-content\/uploads\/2025\/12\/image-2.webp?resize=525%2C300&ssl=1 1.5x, https:\/\/i0.wp.com\/www.torrecamigliati.com\/wp-content\/uploads\/2025\/12\/image-2.webp?resize=700%2C400&ssl=1 2x, https:\/\/i0.wp.com\/www.torrecamigliati.com\/wp-content\/uploads\/2025\/12\/image-2.webp?resize=1050%2C600&ssl=1 3x"},"classes":[]},{"id":1923,"url":"https:\/\/www.torrecamigliati.com\/en\/la-storia-di-torre-camigliati-2\/","url_meta":{"origin":1578,"position":3},"title":"La storia di Torre Camigliati","author":"Fondazione Napoli99","date":"22 November 2017","format":false,"excerpt":"Un luogo che attraversa i secoli La Storia di Torre Camigliati e della Famiglia Barracco Ci sono luoghi che non si limitano a esistere nel tempo, ma lo attraversano, lo osservano scorrere e ne conservano le tracce. Torre Camigliati \u00e8 uno di questi. Immersa nel cuore della Sila, circondata da\u2026","rel":"","context":"Similar post","block_context":{"text":"Similar post","link":""},"img":{"alt_text":"","src":"https:\/\/i0.wp.com\/www.torrecamigliati.com\/wp-content\/uploads\/2026\/02\/10-MIRELLA-E-MAURIZIO-BARRACCO-COL-PRES-CIAMPI.jpg.jpeg?resize=350%2C200&ssl=1","width":350,"height":200,"srcset":"https:\/\/i0.wp.com\/www.torrecamigliati.com\/wp-content\/uploads\/2026\/02\/10-MIRELLA-E-MAURIZIO-BARRACCO-COL-PRES-CIAMPI.jpg.jpeg?resize=350%2C200&ssl=1 1x, https:\/\/i0.wp.com\/www.torrecamigliati.com\/wp-content\/uploads\/2026\/02\/10-MIRELLA-E-MAURIZIO-BARRACCO-COL-PRES-CIAMPI.jpg.jpeg?resize=525%2C300&ssl=1 1.5x"},"classes":[]},{"id":7290,"url":"https:\/\/www.torrecamigliati.com\/en\/esperienze\/","url_meta":{"origin":1578,"position":4},"title":"Esperienze","author":"Fondazione Napoli99","date":"17 July 2025","format":false,"excerpt":"\ud83c\udf3f Scopri l\u2019esperienza Torre Camigliati Natura, cultura, relax e autenticit\u00e0 nel cuore della Sila A Torre Camigliati ogni visita si trasforma in un'esperienza. Che tu sia in cerca di silenzio, avventura, scoperta o gusto, qui troverai un mondo fatto di bellezza autentica e servizi pensati per rendere il tuo soggiorno\u2026","rel":"","context":"Similar post","block_context":{"text":"Similar post","link":""},"img":{"alt_text":"","src":"https:\/\/i0.wp.com\/www.torrecamigliati.com\/wp-content\/uploads\/2025\/07\/20240522_201806-3.webp?resize=350%2C200&ssl=1","width":350,"height":200,"srcset":"https:\/\/i0.wp.com\/www.torrecamigliati.com\/wp-content\/uploads\/2025\/07\/20240522_201806-3.webp?resize=350%2C200&ssl=1 1x, https:\/\/i0.wp.com\/www.torrecamigliati.com\/wp-content\/uploads\/2025\/07\/20240522_201806-3.webp?resize=525%2C300&ssl=1 1.5x, https:\/\/i0.wp.com\/www.torrecamigliati.com\/wp-content\/uploads\/2025\/07\/20240522_201806-3.webp?resize=700%2C400&ssl=1 2x, https:\/\/i0.wp.com\/www.torrecamigliati.com\/wp-content\/uploads\/2025\/07\/20240522_201806-3.webp?resize=1050%2C600&ssl=1 3x"},"classes":[]},{"id":1600,"url":"https:\/\/www.torrecamigliati.com\/en\/dicono-di-noi\/","url_meta":{"origin":1578,"position":5},"title":"Dicono di noi","author":"Fondazione Napoli99","date":"12 November 2017","format":false,"excerpt":"|08\/2024 RAI News, a Old Calabria Torre Camigliati, dibattito sul film \"Il volo\" di Wim Wenders con Lucano e Loiero. Ricordato il periodo in cui fu girato il cortometraggio che fece conoscere il \"modello Riace\" https:\/\/www.rainews.it\/tgr\/calabria\/video\/2024\/08\/a-camigliatello-dibattito-sul-film-il-volo-di-wim-wenders-con-lucano-e-loiero-9ddfdc08-0463-4e62-a446-7e4da6519622.html |07\/2024 Fame di Sud, Gli Incontri di Agosto, XXIII edizione https:\/\/www.famedisud.it\/gli-incontri-di-agosto-nella-verde-oasi-di-torre-camigliati-torna-la-prestigiosa-rassegna-culturale\/ |06\/2024 La Scuola\u2026","rel":"","context":"Similar post","block_context":{"text":"Similar post","link":""},"img":{"alt_text":"","src":"https:\/\/i0.wp.com\/www.torrecamigliati.com\/wp-content\/uploads\/2024\/11\/20241031_123834-scaled.jpg?fit=1200%2C900&ssl=1&resize=350%2C200","width":350,"height":200,"srcset":"https:\/\/i0.wp.com\/www.torrecamigliati.com\/wp-content\/uploads\/2024\/11\/20241031_123834-scaled.jpg?fit=1200%2C900&ssl=1&resize=350%2C200 1x, https:\/\/i0.wp.com\/www.torrecamigliati.com\/wp-content\/uploads\/2024\/11\/20241031_123834-scaled.jpg?fit=1200%2C900&ssl=1&resize=525%2C300 1.5x, https:\/\/i0.wp.com\/www.torrecamigliati.com\/wp-content\/uploads\/2024\/11\/20241031_123834-scaled.jpg?fit=1200%2C900&ssl=1&resize=700%2C400 2x, https:\/\/i0.wp.com\/www.torrecamigliati.com\/wp-content\/uploads\/2024\/11\/20241031_123834-scaled.jpg?fit=1200%2C900&ssl=1&resize=1050%2C600 3x"},"classes":[]}],"_links":{"self":[{"href":"https:\/\/www.torrecamigliati.com\/en\/wp-json\/wp\/v2\/pages\/1578","targetHints":{"allow":["GET"]}}],"collection":[{"href":"https:\/\/www.torrecamigliati.com\/en\/wp-json\/wp\/v2\/pages"}],"about":[{"href":"https:\/\/www.torrecamigliati.com\/en\/wp-json\/wp\/v2\/types\/page"}],"author":[{"embeddable":true,"href":"https:\/\/www.torrecamigliati.com\/en\/wp-json\/wp\/v2\/users\/5"}],"replies":[{"embeddable":true,"href":"https:\/\/www.torrecamigliati.com\/en\/wp-json\/wp\/v2\/comments?post=1578"}],"version-history":[{"count":50,"href":"https:\/\/www.torrecamigliati.com\/en\/wp-json\/wp\/v2\/pages\/1578\/revisions"}],"predecessor-version":[{"id":8509,"href":"https:\/\/www.torrecamigliati.com\/en\/wp-json\/wp\/v2\/pages\/1578\/revisions\/8509"}],"wp:featuredmedia":[{"embeddable":true,"href":"https:\/\/www.torrecamigliati.com\/en\/wp-json\/wp\/v2\/media\/2184"}],"wp:attachment":[{"href":"https:\/\/www.torrecamigliati.com\/en\/wp-json\/wp\/v2\/media?parent=1578"}],"curies":[{"name":"wp","href":"https:\/\/api.w.org\/{rel}","templated":true}]}}